{"id":1927,"date":"2025-10-16T18:07:22","date_gmt":"2025-10-16T16:07:22","guid":{"rendered":"https:\/\/rejsysmierci1945.eu\/?page_id=1927"},"modified":"2025-10-16T18:09:20","modified_gmt":"2025-10-16T16:09:20","slug":"gdynia","status":"publish","type":"page","link":"https:\/\/rejsysmierci1945.eu\/index.php\/gdynia\/","title":{"rendered":"Gdynia"},"content":{"rendered":"\t\t<div data-elementor-type=\"wp-page\" data-elementor-id=\"1927\" class=\"elementor elementor-1927\">\n\t\t\t\t<div class=\"elementor-element elementor-element-dd57e1d e-flex e-con-boxed wpr-particle-no wpr-jarallax-no wpr-parallax-no wpr-sticky-section-no e-con e-parent\" data-id=\"dd57e1d\" data-element_type=\"container\" data-settings=\"{&quot;background_background&quot;:&quot;classic&quot;}\">\n\t\t\t\t\t<div class=\"e-con-inner\">\n\t\t\t\t<div class=\"elementor-element elementor-element-af68a4a elementor-widget elementor-widget-heading\" data-id=\"af68a4a\" data-element_type=\"widget\" data-widget_type=\"heading.default\">\n\t\t\t\t\t<h2 class=\"elementor-heading-title elementor-size-default\">GDYNIA<\/h2>\t\t\t\t<\/div>\n\t\t\t\t\t<\/div>\n\t\t\t\t<\/div>\n\t\t<div class=\"elementor-element elementor-element-35a6da3 e-grid e-con-boxed wpr-particle-no wpr-jarallax-no wpr-parallax-no wpr-sticky-section-no e-con e-parent\" data-id=\"35a6da3\" data-element_type=\"container\">\n\t\t\t\t\t<div class=\"e-con-inner\">\n\t\t\t\t<div class=\"elementor-element elementor-element-d453ed2 elementor-widget elementor-widget-text-editor\" data-id=\"d453ed2\" data-element_type=\"widget\" data-widget_type=\"text-editor.default\">\n\t\t\t\t\t\t\t\t\t<p><span style=\"font-weight: 400;\">Zbli\u017canie si\u0119 wojsk Armii Czerwonej do Gdyni wymusi\u0142o na za\u0142odze SS podobozu KL Stutthof w Gdyni ewakuowanie wi\u0119\u017ani\u00f3w drog\u0105 morsk\u0105.\u00a0 Od 16 pa\u017adziernika 1944 r. przebywali w poddobozie KL Stutthof utworzonym przy obecnej ulicy Energetyk\u00f3w 11, gdzie byli zatrudniani na terenie stoczni Deutsche Werke Kiel w Gdyni, w Babich Do\u0142ach oraz przy pracach na terenie miasta. Po dw\u00f3ch nieudanych pr\u00f3bach ewakuacji\u00a0 8 i 14 marca 1945 r. ostatecznie wyprowadzono 700 wi\u0119\u017ani\u00f3w za bram\u0119 25 marca. Podczas drogi do nabrze\u017ca zbieg\u0142o kilkudziesi\u0119ciu wi\u0119\u017ani\u00f3w.\u00a0<\/span><\/p><p>\u00a0<\/p><p><span style=\"font-weight: 400;\">\u00a0<\/span><span style=\"font-weight: 400;\">\u00a0\u00a0W porcie w Gdyni 618 wi\u0119\u017ani\u00f3w r\u00f3\u017cnych narodowo\u015bci za\u0142adowano na dwa statki niemieckie \u201eElbing\u201d\u00a0 i \u201eZephyr\u201d. Pierwszy maj\u0105c na pok\u0142adzie 250 wi\u0119\u017ani\u00f3w pod nadzorem komendanta Oberschfuhrera SS Josefa Bock, dop\u0142yn\u0105\u0142 do portu w Hamburgu 29 marca 1945 r. Wi\u0119\u017ani\u00f3w z Gdyni doprowadzono do\u00a0 podobozu KL Neuengamme mieszcz\u0105cego si\u0119 przy Spaldingstrasse w Hamburgu, sk\u0105d codziennie wyprowadzano ich do pracy przy odgruzowywaniu miasta po nalotach alianckich. Na rozkaz <\/span><span style=\"font-weight: 400;\">Gruppenf\u00fchrera SS hr Bassewitz -Behr wy\u017cszego dow\u00f3dcy SS i Policji 17<\/span><span style=\"font-weight: 400;\"> kwietnia zostali ewakuowani z innymi wi\u0119\u017aniami KL Neuengamme do obozu jenieckiego X-B w Sandbostel.\u00a0 28 kwietnia \u017co\u0142nierze armii brytyjskiej zaj\u0119li ob\u00f3z, znajduj\u0105c na jego terenie wielu zmar\u0142ych z g\u0142odu, wycie\u0144czenia i chor\u00f3b, w\u015br\u00f3d kt\u00f3rych znajdowali si\u0119 wi\u0119\u017aniowie z KL Stutthof \u00a0 z Gdyni. Drugi statek \u201eZephyr\u201d z 368 wi\u0119\u017aniami i 30 osobow\u0105 eskort\u0105 na pok\u0142adzie, uleg\u0142 awarii\u00a0 na wysoko\u015bci \u015awinouj\u015bcia, po naprawie kt\u00f3rej dop\u0142yn\u0105\u0142 do \u015bluz\u00a0 Kana\u0142u Kilo\u0144skiego, zaminowany kana\u0142 uniemo\u017cliwia\u0142 dalszy rejs. 2 kwietnia 1945 r. esesmani doprowadzili wi\u0119\u017ani\u00f3w do obozu pracy \u201eNordmark\u201d w Kiel \u2013 Hasse, sk\u0105d 7 kwietnia zostali ewakuowani transportem kolejowym\u00a0 do obozu g\u0142\u00f3wnego KL Neuengamme pod Hamburgiem. Stamt\u0105d cz\u0119\u015b\u0107 chorych wi\u0119\u017ani\u00f3w z Gdyni wywieziono drog\u0105 kolejow\u0105\u00a0 do obozu jenieckiego X-B w Sandbostel. Pozosta\u0142ych do\u0142\u0105czono w drugiej po\u0142owie kwietnia do transportu wi\u0119\u017ani\u00f3w do Lubece, gdzie zostali zaokr\u0119towani i uwi\u0119zieni przez esesman\u00f3w razem z wi\u0119\u017aniami KL Neuengamme na statkach \u201eCap Arcona\u201d\u00a0 i \u201eAthen\u201d.\u00a0<\/span><\/p><p><span style=\"font-weight: 400;\">W wyniku zbombardowania przez eskadry bojowe brytyjskiego lotnictwa statk\u00f3w: \u201eCap Arcona\u201d, \u201eThielbek\u201d i \u201eDeutschland\u201d zakotwiczonych z dala od brzegu na redzie Zatoki Lubeckiej, 3 maja 1945 r. zgin\u0119\u0142o 7 tysi\u0119cy wi\u0119\u017ani\u00f3w, ocala\u0142o 400 wi\u0119\u017ani\u00f3w. W\u015br\u00f3d ofiar znajdowali si\u0119 r\u00f3wnie\u017c wi\u0119\u017aniowie KL Stutthof ewakuowani z Gdyni, w tym gdy\u0144scy harcerze Szarych Szereg\u00f3w ZWZ-AK : Bogus\u0142aw Adamczyk, Witold Nitecki, Stanis\u0142aw Su\u0142kowski.<\/span><\/p><p><span style=\"font-weight: 400;\">Zbombardowania unikn\u0105\u0142 statek \u201eAthen\u201d, kt\u00f3ry otrzyma\u0142 rozkaz wp\u0142yni\u0119cia do portu w Neustadt\u00a0 \u00a0 \u00a0 \u00a0 \u00a0 \u00a0 \u00a0 w celu zabrania na pok\u0142ad dalszych wi\u0119\u017ani\u00f3w, kt\u00f3rzy przybyli z KL Stutthof i uciekli w nocy z 2\/3 maja przecinaj\u0105c liny \u0142\u0105cz\u0105ce barki Wolfgang\u201d i \u201eVaterland\u201d ze statkami \u201eCap Arcona\u201d\u00a0 \u00a0 \u00a0 \u00a0 \u00a0 \u00a0 \u00a0 \u00a0 \u00a0 \u00a0 \u00a0 i \u201eThielbek\u201d. 3 maja po godzinie 15 do miasteczka wkroczy\u0142y jednostki armii angielskiej. Esesmani uciekli, zabijaj\u0105c wcze\u015bniej 200 wi\u0119\u017ani\u00f3w ze Stutthof, kt\u00f3rzy nie mieli si\u0142 opu\u015bci\u0107 barek. Pozosta\u0142ymi wi\u0119\u017aniami zaopiekowali si\u0119 Anglicy, ok 700 trafi\u0142o na leczenie do Szwecji.<\/span><\/p><p>\u00a0<\/p><p><span style=\"font-weight: 400;\">Spo\u015br\u00f3d wi\u0119\u017ani\u00f3w z podobozu w Gdyni jedynie kilku ocali\u0142o \u017cycie i wr\u00f3ci\u0142o po wojnie do miasta.<\/span><\/p>\t\t\t\t\t\t\t\t<\/div>\n\t\t\t\t\t<\/div>\n\t\t\t\t<\/div>\n\t\t\t\t<\/div>\n\t\t","protected":false},"excerpt":{"rendered":"<p>GDYNIA Zbli\u017canie si\u0119 wojsk Armii Czerwonej do Gdyni wymusi\u0142o na za\u0142odze SS podobozu KL Stutthof w Gdyni ewakuowanie wi\u0119\u017ani\u00f3w drog\u0105 morsk\u0105.\u00a0 Od 16 pa\u017adziernika 1944 r. przebywali w poddobozie KL Stutthof utworzonym przy obecnej ulicy Energetyk\u00f3w 11, gdzie byli zatrudniani na terenie stoczni Deutsche Werke Kiel w Gdyni, w Babich Do\u0142ach oraz przy pracach na terenie miasta. Po dw\u00f3ch nieudanych pr\u00f3bach ewakuacji\u00a0 8 i 14 marca 1945 r. ostatecznie wyprowadzono 700 wi\u0119\u017ani\u00f3w za bram\u0119 25 marca. Podczas drogi do nabrze\u017ca zbieg\u0142o kilkudziesi\u0119ciu wi\u0119\u017ani\u00f3w.\u00a0 \u00a0 \u00a0\u00a0\u00a0W porcie w Gdyni 618 wi\u0119\u017ani\u00f3w r\u00f3\u017cnych narodowo\u015bci za\u0142adowano na dwa statki niemieckie \u201eElbing\u201d\u00a0 i \u201eZephyr\u201d. Pierwszy maj\u0105c na pok\u0142adzie 250 wi\u0119\u017ani\u00f3w pod nadzorem komendanta Oberschfuhrera SS Josefa Bock, dop\u0142yn\u0105\u0142 do portu w Hamburgu 29 marca 1945 r. Wi\u0119\u017ani\u00f3w z Gdyni doprowadzono do\u00a0 podobozu KL Neuengamme mieszcz\u0105cego si\u0119 przy Spaldingstrasse w Hamburgu, sk\u0105d codziennie wyprowadzano ich do pracy przy odgruzowywaniu miasta po nalotach alianckich. Na rozkaz Gruppenf\u00fchrera SS hr Bassewitz -Behr wy\u017cszego dow\u00f3dcy SS i Policji 17 kwietnia zostali ewakuowani z innymi wi\u0119\u017aniami KL Neuengamme do obozu jenieckiego X-B w Sandbostel.\u00a0 28 kwietnia \u017co\u0142nierze armii brytyjskiej zaj\u0119li ob\u00f3z, znajduj\u0105c na jego terenie wielu zmar\u0142ych z g\u0142odu, wycie\u0144czenia i chor\u00f3b, w\u015br\u00f3d kt\u00f3rych znajdowali si\u0119 wi\u0119\u017aniowie z KL Stutthof \u00a0 z Gdyni. Drugi statek \u201eZephyr\u201d z 368 wi\u0119\u017aniami i 30 osobow\u0105 eskort\u0105 na pok\u0142adzie, uleg\u0142 awarii\u00a0 na wysoko\u015bci \u015awinouj\u015bcia, po naprawie kt\u00f3rej dop\u0142yn\u0105\u0142 do \u015bluz\u00a0 Kana\u0142u Kilo\u0144skiego, zaminowany kana\u0142 uniemo\u017cliwia\u0142 dalszy rejs. 2 kwietnia 1945 r. esesmani doprowadzili wi\u0119\u017ani\u00f3w do obozu pracy \u201eNordmark\u201d w Kiel \u2013 Hasse, sk\u0105d 7 kwietnia zostali ewakuowani transportem kolejowym\u00a0 do obozu g\u0142\u00f3wnego KL Neuengamme pod Hamburgiem. Stamt\u0105d cz\u0119\u015b\u0107 chorych wi\u0119\u017ani\u00f3w z Gdyni wywieziono drog\u0105 kolejow\u0105\u00a0 do obozu jenieckiego X-B w Sandbostel. Pozosta\u0142ych do\u0142\u0105czono w drugiej po\u0142owie kwietnia do transportu wi\u0119\u017ani\u00f3w do Lubece, gdzie zostali zaokr\u0119towani i uwi\u0119zieni przez esesman\u00f3w razem z wi\u0119\u017aniami KL Neuengamme na statkach \u201eCap Arcona\u201d\u00a0 i \u201eAthen\u201d.\u00a0 W wyniku zbombardowania przez eskadry bojowe brytyjskiego lotnictwa statk\u00f3w: \u201eCap Arcona\u201d, \u201eThielbek\u201d i \u201eDeutschland\u201d zakotwiczonych z dala od brzegu na redzie Zatoki Lubeckiej, 3 maja 1945 r. zgin\u0119\u0142o 7 tysi\u0119cy wi\u0119\u017ani\u00f3w, ocala\u0142o 400 wi\u0119\u017ani\u00f3w. W\u015br\u00f3d ofiar znajdowali si\u0119 r\u00f3wnie\u017c wi\u0119\u017aniowie KL Stutthof ewakuowani z Gdyni, w tym gdy\u0144scy harcerze Szarych Szereg\u00f3w ZWZ-AK : Bogus\u0142aw Adamczyk, Witold Nitecki, Stanis\u0142aw Su\u0142kowski. Zbombardowania unikn\u0105\u0142 statek \u201eAthen\u201d, kt\u00f3ry otrzyma\u0142 rozkaz wp\u0142yni\u0119cia do portu w Neustadt\u00a0 \u00a0 \u00a0 \u00a0 \u00a0 \u00a0 \u00a0 w celu zabrania na pok\u0142ad dalszych wi\u0119\u017ani\u00f3w, kt\u00f3rzy przybyli z KL Stutthof i uciekli w nocy z 2\/3 maja przecinaj\u0105c liny \u0142\u0105cz\u0105ce barki Wolfgang\u201d i \u201eVaterland\u201d ze statkami \u201eCap Arcona\u201d\u00a0 \u00a0 \u00a0 \u00a0 \u00a0 \u00a0 \u00a0 \u00a0 \u00a0 \u00a0 \u00a0 i \u201eThielbek\u201d. 3 maja po godzinie 15 do miasteczka wkroczy\u0142y jednostki armii angielskiej. Esesmani uciekli, zabijaj\u0105c wcze\u015bniej 200 wi\u0119\u017ani\u00f3w ze Stutthof, kt\u00f3rzy nie mieli si\u0142 opu\u015bci\u0107 barek. Pozosta\u0142ymi wi\u0119\u017aniami zaopiekowali si\u0119 Anglicy, ok 700 trafi\u0142o na leczenie do Szwecji. \u00a0 Spo\u015br\u00f3d wi\u0119\u017ani\u00f3w z podobozu w Gdyni jedynie kilku ocali\u0142o \u017cycie i wr\u00f3ci\u0142o po wojnie do miasta.<\/p>\n","protected":false},"author":1,"featured_media":0,"parent":0,"menu_order":0,"comment_status":"closed","ping_status":"closed","template":"elementor_canvas","meta":{"ngg_post_thumbnail":0,"footnotes":""},"class_list":["post-1927","page","type-page","status-publish","hentry"],"_links":{"self":[{"href":"https:\/\/rejsysmierci1945.eu\/index.php\/wp-json\/wp\/v2\/pages\/1927","targetHints":{"allow":["GET"]}}],"collection":[{"href":"https:\/\/rejsysmierci1945.eu\/index.php\/wp-json\/wp\/v2\/pages"}],"about":[{"href":"https:\/\/rejsysmierci1945.eu\/index.php\/wp-json\/wp\/v2\/types\/page"}],"author":[{"embeddable":true,"href":"https:\/\/rejsysmierci1945.eu\/index.php\/wp-json\/wp\/v2\/users\/1"}],"replies":[{"embeddable":true,"href":"https:\/\/rejsysmierci1945.eu\/index.php\/wp-json\/wp\/v2\/comments?post=1927"}],"version-history":[{"count":4,"href":"https:\/\/rejsysmierci1945.eu\/index.php\/wp-json\/wp\/v2\/pages\/1927\/revisions"}],"predecessor-version":[{"id":1932,"href":"https:\/\/rejsysmierci1945.eu\/index.php\/wp-json\/wp\/v2\/pages\/1927\/revisions\/1932"}],"wp:attachment":[{"href":"https:\/\/rejsysmierci1945.eu\/index.php\/wp-json\/wp\/v2\/media?parent=1927"}],"curies":[{"name":"wp","href":"https:\/\/api.w.org\/{rel}","templated":true}]}}